{"id":77,"date":"2022-03-06T14:10:31","date_gmt":"2022-03-06T14:10:31","guid":{"rendered":"https:\/\/piedlflotta.hu\/?page_id=77"},"modified":"2025-04-05T12:37:25","modified_gmt":"2025-04-05T12:37:25","slug":"kapcsolat","status":"publish","type":"page","link":"https:\/\/piedlflotta.hu\/index.php\/kapcsolat\/","title":{"rendered":"Kapcsolat"},"content":{"rendered":"<p>[et_pb_section fb_built=&#8221;1&#8243; custom_padding_last_edited=&#8221;on|tablet&#8221; admin_label=&#8221;Hero&#8221; _builder_version=&#8221;4.16&#8243; use_background_color_gradient=&#8221;on&#8221; background_color_gradient_stops=&#8221;rgba(255,255,255,0.9) 0%|#ffffff 100%&#8221; background_color_gradient_overlays_image=&#8221;on&#8221; background_color_gradient_start=&#8221;rgba(255,255,255,0.9)&#8221; background_color_gradient_end=&#8221;#ffffff&#8221; background_image=&#8221;https:\/\/piedlflotta.hu\/wp-content\/uploads\/2022\/03\/0210_023-min-scaled.jpg&#8221; custom_margin=&#8221;0px|||&#8221; custom_padding=&#8221;0px|10%|0px|10%|true|true&#8221; custom_padding_tablet=&#8221;|30px||30px||true&#8221; custom_padding_phone=&#8221;|||||true&#8221; locked=&#8221;off&#8221; global_colors_info=&#8221;{}&#8221;][et_pb_row column_structure=&#8221;2_3,1_3&#8243; padding_top_bottom_link_1=&#8221;true&#8221; padding_left_right_link_1=&#8221;true&#8221; _builder_version=&#8221;4.16&#8243; background_size=&#8221;initial&#8221; background_position=&#8221;top_left&#8221; width=&#8221;100%&#8221; max_width=&#8221;100%&#8221; custom_margin=&#8221;|||&#8221; custom_padding=&#8221;0||0px||false|false&#8221; use_custom_width=&#8221;on&#8221; width_unit=&#8221;off&#8221; custom_width_percent=&#8221;100%&#8221; global_colors_info=&#8221;{}&#8221;][et_pb_column type=&#8221;2_3&#8243; _builder_version=&#8221;4.16&#8243; use_background_color_gradient=&#8221;on&#8221; background_color_gradient_stops=&#8221;rgba(0,0,0,0.07) 0%|rgba(255,255,255,0) 100%&#8221; background_color_gradient_start=&#8221;rgba(0,0,0,0.07)&#8221; background_color_gradient_end=&#8221;rgba(255,255,255,0)&#8221; custom_padding=&#8221;10vw|40px|10vw|40px&#8221; custom_padding_tablet=&#8221;|||&#8221; custom_padding_phone=&#8221;|10px||10px||true&#8221; custom_padding_last_edited=&#8221;on|desktop&#8221; global_colors_info=&#8221;{}&#8221; padding_phone=&#8221;|10px||10px||true&#8221; padding_tablet=&#8221;|||&#8221; padding_last_edited=&#8221;on|desktop&#8221; custom_padding__hover=&#8221;|||&#8221;][et_pb_text _builder_version=&#8221;4.16&#8243; text_font=&#8221;Lato||||||||&#8221; text_font_size=&#8221;20px&#8221; text_line_height=&#8221;1.8em&#8221; ul_font=&#8221;||||||||&#8221; ol_font=&#8221;||||||||&#8221; header_font=&#8221;Teko|500||on|||||&#8221; header_text_color=&#8221;#000000&#8243; header_font_size=&#8221;9vw&#8221; header_letter_spacing=&#8221;0.05em&#8221; header_line_height=&#8221;0.9em&#8221; custom_margin=&#8221;|-10vw|0px|&#8221; custom_margin_tablet=&#8221;|0vw||&#8221; custom_margin_phone=&#8221;|-5vw||&#8221; custom_margin_last_edited=&#8221;on|tablet&#8221; animation_style=&#8221;zoom&#8221; animation_delay=&#8221;100ms&#8221; animation_intensity_zoom=&#8221;10%&#8221; header_font_size_tablet=&#8221;&#8221; header_font_size_phone=&#8221;&#8221; header_font_size_last_edited=&#8221;on|phone&#8221; header_line_height_tablet=&#8221;&#8221; header_line_height_phone=&#8221;1.2em&#8221; header_line_height_last_edited=&#8221;on|phone&#8221; header_text_shadow_style=&#8221;preset1&#8243; header_text_shadow_vertical_length=&#8221;0.18em&#8221; header_text_shadow_blur_strength=&#8221;0.27em&#8221; header_text_shadow_color=&#8221;rgba(0,0,0,0.24)&#8221; global_colors_info=&#8221;{}&#8221;]<\/p>\n<h1>KAPCSOLAT<\/h1>\n<p>[\/et_pb_text][\/et_pb_column][et_pb_column type=&#8221;1_3&#8243; _builder_version=&#8221;4.16&#8243; custom_padding=&#8221;|||&#8221; global_colors_info=&#8221;{}&#8221; custom_padding__hover=&#8221;|||&#8221;][\/et_pb_column][\/et_pb_row][\/et_pb_section][et_pb_section fb_built=&#8221;1&#8243; _builder_version=&#8221;4.27.4&#8243; _module_preset=&#8221;default&#8221; background_image=&#8221;https:\/\/piedlflotta.hu\/wp-content\/uploads\/2022\/03\/oc_0029-min-scaled.jpg&#8221; custom_margin=&#8221;-100px||||false|false&#8221; global_colors_info=&#8221;{}&#8221;][et_pb_row _builder_version=&#8221;4.16&#8243; _module_preset=&#8221;default&#8221; global_colors_info=&#8221;{}&#8221;][et_pb_column type=&#8221;4_4&#8243; _builder_version=&#8221;4.16&#8243; _module_preset=&#8221;default&#8221; global_colors_info=&#8221;{}&#8221;][\/et_pb_column][\/et_pb_row][et_pb_row column_structure=&#8221;1_4,1_4,1_4,1_4&#8243; _builder_version=&#8221;4.16&#8243; _module_preset=&#8221;default&#8221; max_width=&#8221;1280px&#8221; global_colors_info=&#8221;{}&#8221;][et_pb_column type=&#8221;1_4&#8243; _builder_version=&#8221;4.16&#8243; _module_preset=&#8221;default&#8221; global_colors_info=&#8221;{}&#8221;][et_pb_blurb title=&#8221;Flotta \u00e9rt\u00e9kes\u00edt\u00e9s&#8221; use_icon=&#8221;on&#8221; font_icon=&#8221;&#xf494;||fa||900&#8243; icon_color=&#8221;#c10f1b&#8221; _builder_version=&#8221;4.16&#8243; _module_preset=&#8221;default&#8221; header_font=&#8221;Teko||||||||&#8221; header_font_size=&#8221;25px&#8221; body_font=&#8221;Lato||||||||&#8221; body_font_size=&#8221;20px&#8221; text_orientation=&#8221;center&#8221; background_layout=&#8221;dark&#8221; header_text_shadow_style=&#8221;preset4&#8243; body_text_shadow_style=&#8221;preset4&#8243; text_shadow_style=&#8221;preset4&#8243; global_colors_info=&#8221;{}&#8221;]<\/p>\n<p class=\"yiv7880746703MsoNormal\">+ 36 30 27 888 46<\/p>\n<p class=\"yiv7880746703MsoNormal\"><a rel=\"nofollow noopener noreferrer\" ymailto=\"mailto:info@piedl-flotta.hu\" target=\"_blank\" href=\"mailto:info@piedl-flotta.hu\">info@piedl-flotta.hu<\/a><\/p>\n<p>[\/et_pb_blurb][\/et_pb_column][et_pb_column type=&#8221;1_4&#8243; _builder_version=&#8221;4.16&#8243; _module_preset=&#8221;default&#8221; global_colors_info=&#8221;{}&#8221;][et_pb_blurb title=&#8221;Rent a Car&#8221; use_icon=&#8221;on&#8221; font_icon=&#8221;&#xf1b9;||fa||900&#8243; icon_color=&#8221;#c10f1b&#8221; _builder_version=&#8221;4.16&#8243; _module_preset=&#8221;default&#8221; header_font=&#8221;Teko||||||||&#8221; header_font_size=&#8221;25px&#8221; body_font=&#8221;Lato||||||||&#8221; body_font_size=&#8221;20px&#8221; text_orientation=&#8221;center&#8221; background_layout=&#8221;dark&#8221; header_text_shadow_style=&#8221;preset4&#8243; body_text_shadow_style=&#8221;preset4&#8243; text_shadow_style=&#8221;preset4&#8243; global_colors_info=&#8221;{}&#8221;]<\/p>\n<p class=\"yiv7880746703MsoNormal\">+ 36 20 402 4548<\/p>\n<p class=\"yiv7880746703MsoNormal\"><a rel=\"nofollow noopener noreferrer\" ymailto=\"mailto:info@piedl-flotta.hu\" target=\"_blank\" href=\"mailto:info@piedl-flotta.hu\">info@piedl-flotta.hu<\/a><\/p>\n<p>[\/et_pb_blurb][\/et_pb_column][et_pb_column type=&#8221;1_4&#8243; _builder_version=&#8221;4.16&#8243; _module_preset=&#8221;default&#8221; global_colors_info=&#8221;{}&#8221;][et_pb_blurb title=&#8221;\u00dczemeltet\u00e9s\/Szerviz&#8221; use_icon=&#8221;on&#8221; font_icon=&#8221;&#xf7d9;||fa||900&#8243; icon_color=&#8221;#c10f1b&#8221; _builder_version=&#8221;4.27.4&#8243; _module_preset=&#8221;default&#8221; header_font=&#8221;Teko||||||||&#8221; header_font_size=&#8221;25px&#8221; body_font=&#8221;Lato||||||||&#8221; body_font_size=&#8221;20px&#8221; text_orientation=&#8221;center&#8221; background_layout=&#8221;dark&#8221; header_text_shadow_style=&#8221;preset4&#8243; body_text_shadow_style=&#8221;preset4&#8243; text_shadow_style=&#8221;preset4&#8243; global_colors_info=&#8221;{}&#8221;]<\/p>\n<p class=\"yiv7880746703MsoNormal\">+36 20\u00a0425 56 98<\/p>\n<p class=\"yiv7880746703MsoNormal\"><a rel=\"nofollow noopener noreferrer\" ymailto=\"mailto:info@piedl-flotta.hu\" target=\"_blank\" href=\"mailto:info@piedl-flotta.hu\">service@piedl-flotta.hu<\/a><\/p>\n<p>[\/et_pb_blurb][\/et_pb_column][et_pb_column type=&#8221;1_4&#8243; _builder_version=&#8221;4.16&#8243; _module_preset=&#8221;default&#8221; global_colors_info=&#8221;{}&#8221;][et_pb_blurb title=&#8221;Sz\u00e1ml\u00e1z\u00e1s&#8221; use_icon=&#8221;on&#8221; font_icon=&#8221;&#xf15c;||fa||900&#8243; icon_color=&#8221;#c10f1b&#8221; _builder_version=&#8221;4.16&#8243; _module_preset=&#8221;default&#8221; header_font=&#8221;Teko||||||||&#8221; header_font_size=&#8221;25px&#8221; body_font=&#8221;Lato||||||||&#8221; body_font_size=&#8221;20px&#8221; text_orientation=&#8221;center&#8221; background_layout=&#8221;dark&#8221; header_text_shadow_style=&#8221;preset4&#8243; body_text_shadow_style=&#8221;preset4&#8243; text_shadow_style=&#8221;preset4&#8243; global_colors_info=&#8221;{}&#8221;]<\/p>\n<p class=\"yiv7880746703MsoNormal\">+ 36 88 576 500<\/p>\n<p class=\"yiv7880746703MsoNormal\"><a rel=\"nofollow noopener noreferrer\" ymailto=\"mailto:info@piedl-flotta.hu\" target=\"_blank\" href=\"mailto:info@piedl-flotta.hu\">backoffice@piedl-flotta.hu<\/a><\/p>\n<p>[\/et_pb_blurb][\/et_pb_column][\/et_pb_row][et_pb_row _builder_version=&#8221;4.16&#8243; _module_preset=&#8221;default&#8221; global_colors_info=&#8221;{}&#8221;][et_pb_column type=&#8221;4_4&#8243; _builder_version=&#8221;4.16&#8243; _module_preset=&#8221;default&#8221; global_colors_info=&#8221;{}&#8221;][\/et_pb_column][\/et_pb_row][\/et_pb_section][et_pb_section fb_built=&#8221;1&#8243; _builder_version=&#8221;4.27.4&#8243; _module_preset=&#8221;default&#8221; global_colors_info=&#8221;{}&#8221;][et_pb_row column_structure=&#8221;1_4,1_4,1_4,1_4&#8243; _builder_version=&#8221;4.16&#8243; _module_preset=&#8221;default&#8221; max_width=&#8221;1280px&#8221; module_alignment=&#8221;center&#8221; custom_margin=&#8221;||||false|false&#8221; global_colors_info=&#8221;{}&#8221;][et_pb_column type=&#8221;1_4&#8243; _builder_version=&#8221;4.16&#8243; _module_preset=&#8221;default&#8221; global_colors_info=&#8221;{}&#8221;][et_pb_blurb title=&#8221;Vad\u00f3cz Bal\u00e1zs&#8221; image=&#8221;https:\/\/piedlflotta.hu\/wp-content\/uploads\/2025\/03\/1_Vadocz-scaled.jpg&#8221; _builder_version=&#8221;4.27.4&#8243; _module_preset=&#8221;default&#8221; header_font=&#8221;Teko||||||||&#8221; header_font_size=&#8221;30px&#8221; body_font=&#8221;Lato||||||||&#8221; body_font_size=&#8221;18px&#8221; image_icon_custom_margin=&#8221;||||false|false&#8221; text_orientation=&#8221;center&#8221; custom_padding=&#8221;||0px|||&#8221; header_text_shadow_style=&#8221;preset1&#8243; border_color_all_image=&#8221;#7CDA24&#8243; box_shadow_style_image=&#8221;preset1&#8243; global_colors_info=&#8221;{}&#8221;]<\/p>\n<p>\u00c9rt\u00e9kes\u00edt\u00e9si vezet\u0151<\/p>\n<p>&nbsp;<\/p>\n<p>Telefon: +36 30 278 8846<\/p>\n<p>E-mail: info@piedl-flotta.hu<\/p>\n<p>[\/et_pb_blurb][\/et_pb_column][et_pb_column type=&#8221;1_4&#8243; _builder_version=&#8221;4.16&#8243; _module_preset=&#8221;default&#8221; global_colors_info=&#8221;{}&#8221;][et_pb_blurb title=&#8221;Jo\u00f3 Bal\u00e1zs&#8221; image=&#8221;https:\/\/piedlflotta.hu\/wp-content\/uploads\/2025\/03\/2_Joo-Balazs-scaled.jpg&#8221; _builder_version=&#8221;4.27.4&#8243; _module_preset=&#8221;default&#8221; header_font=&#8221;Teko||||||||&#8221; header_font_size=&#8221;30px&#8221; body_font=&#8221;Lato||||||||&#8221; body_font_size=&#8221;18px&#8221; image_icon_custom_margin=&#8221;||||false|false&#8221; text_orientation=&#8221;center&#8221; custom_padding=&#8221;||8px|||&#8221; header_text_shadow_style=&#8221;preset1&#8243; border_radii_image=&#8221;on|NaNpx|NaNpx|NaNpx|NaNpx&#8221; border_color_all_image=&#8221;#7CDA24&#8243; box_shadow_style_image=&#8221;preset1&#8243; global_colors_info=&#8221;{}&#8221;]<\/p>\n<p>Flotta\u00e9rt\u00e9kes\u00edt\u00e9s<\/p>\n<p>Rent a Car \u00fcgyint\u00e9z\u00e9s<\/p>\n<p>Telefon: +36 20 402 4548<\/p>\n<p>E-mail: info@piedl-flotta.hu<\/p>\n<p>[\/et_pb_blurb][\/et_pb_column][et_pb_column type=&#8221;1_4&#8243; _builder_version=&#8221;4.16&#8243; _module_preset=&#8221;default&#8221; global_colors_info=&#8221;{}&#8221;][et_pb_blurb title=&#8221;Varga Patrik&#8221; image=&#8221;https:\/\/piedlflotta.hu\/wp-content\/uploads\/2025\/03\/3_Varga-Patrik-scaled.jpg&#8221; _builder_version=&#8221;4.27.4&#8243; _module_preset=&#8221;default&#8221; header_font=&#8221;Teko||||||||&#8221; header_font_size=&#8221;30px&#8221; body_font=&#8221;Lato||||||||&#8221; body_font_size=&#8221;18px&#8221; image_icon_custom_margin=&#8221;||||false|false&#8221; text_orientation=&#8221;center&#8221; header_text_shadow_style=&#8221;preset1&#8243; border_radii_image=&#8221;on|NaNpx|NaNpx|NaNpx|NaNpx&#8221; border_color_all_image=&#8221;#7CDA24&#8243; box_shadow_style_image=&#8221;preset1&#8243; global_colors_info=&#8221;{}&#8221;]<\/p>\n<p>Flotta\u00e9rt\u00e9kes\u00edt\u00e9s<\/p>\n<p>Rent a Car \u00fcgyint\u00e9z\u00e9s<\/p>\n<p>Telefon: +36 20 427 2401<\/p>\n<p>E-mail: info@piedl-flotta.hu<\/p>\n<p>[\/et_pb_blurb][\/et_pb_column][et_pb_column type=&#8221;1_4&#8243; _builder_version=&#8221;4.27.4&#8243; _module_preset=&#8221;default&#8221; global_colors_info=&#8221;{}&#8221;][et_pb_blurb title=&#8221;N\u00e9meth Tam\u00e1s&#8221; image=&#8221;https:\/\/piedlflotta.hu\/wp-content\/uploads\/2025\/04\/DSC_0228-scaled.jpg&#8221; _builder_version=&#8221;4.27.4&#8243; _module_preset=&#8221;default&#8221; header_font=&#8221;Teko||||||||&#8221; header_font_size=&#8221;30px&#8221; body_font=&#8221;Lato||||||||&#8221; body_font_size=&#8221;18px&#8221; image_icon_custom_margin=&#8221;||||false|false&#8221; text_orientation=&#8221;center&#8221; header_text_shadow_style=&#8221;preset1&#8243; border_radii_image=&#8221;on|NaNpx|NaNpx|NaNpx|NaNpx&#8221; border_color_all_image=&#8221;#7CDA24&#8243; box_shadow_style_image=&#8221;preset1&#8243; global_colors_info=&#8221;{}&#8221;]<\/p>\n<p>Flotta\u00e9rt\u00e9kes\u00edt\u00e9s<\/p>\n<p>&nbsp;<\/p>\n<p>Telefon: +36 30 960 5020<\/p>\n<p>E-mail: info@piedl-flotta.hu<\/p>\n<p>[\/et_pb_blurb][\/et_pb_column][\/et_pb_row][et_pb_row column_structure=&#8221;1_4,1_4,1_4,1_4&#8243; _builder_version=&#8221;4.27.4&#8243; _module_preset=&#8221;default&#8221; max_width=&#8221;1280px&#8221; module_alignment=&#8221;center&#8221; custom_margin=&#8221;||||false|false&#8221; hover_enabled=&#8221;0&#8243; global_colors_info=&#8221;{}&#8221; sticky_enabled=&#8221;0&#8243; horizontal_offset_last_edited=&#8221;on|phone&#8221; horizontal_offset=&#8221;200px&#8221; horizontal_offset_tablet=&#8221;0px&#8221; horizontal_offset_phone=&#8221;0px&#8221;][et_pb_column type=&#8221;1_4&#8243; _builder_version=&#8221;4.16&#8243; _module_preset=&#8221;default&#8221; global_colors_info=&#8221;{}&#8221;][et_pb_blurb title=&#8221;P\u00e1tser D\u00e1vid&#8221; image=&#8221;https:\/\/piedlflotta.hu\/wp-content\/uploads\/2025\/04\/DSC_0245-scaled.jpg&#8221; _builder_version=&#8221;4.27.4&#8243; _module_preset=&#8221;default&#8221; header_font=&#8221;Teko||||||||&#8221; header_font_size=&#8221;30px&#8221; body_font=&#8221;Lato||||||||&#8221; body_font_size=&#8221;18px&#8221; image_icon_custom_margin=&#8221;||||false|false&#8221; text_orientation=&#8221;center&#8221; custom_padding=&#8221;||8px|||&#8221; header_text_shadow_style=&#8221;preset1&#8243; border_radii_image=&#8221;on|NaNpx|NaNpx|NaNpx|NaNpx&#8221; border_color_all_image=&#8221;#7CDA24&#8243; box_shadow_style_image=&#8221;preset1&#8243; global_colors_info=&#8221;{}&#8221;]<\/p>\n<p>\u00dczemeltet\u00e9s<\/p>\n<p>Szerviz id\u0151pontfoglal\u00e1s<\/p>\n<p>Telefon: +36 20 425 5698<\/p>\n<p>E-mail: service@piedl-flotta.hu<\/p>\n<p>[\/et_pb_blurb][\/et_pb_column][et_pb_column type=&#8221;1_4&#8243; _builder_version=&#8221;4.27.4&#8243; _module_preset=&#8221;default&#8221; global_colors_info=&#8221;{}&#8221;][et_pb_blurb title=&#8221;Voznek Hedvig&#8221; image=&#8221;https:\/\/piedlflotta.hu\/wp-content\/uploads\/2025\/03\/4_Voznek-Hedvig-scaled.jpg&#8221; _builder_version=&#8221;4.27.4&#8243; _module_preset=&#8221;default&#8221; header_font=&#8221;Teko||||||||&#8221; header_font_size=&#8221;30px&#8221; body_font=&#8221;Lato||||||||&#8221; body_font_size=&#8221;18px&#8221; image_icon_custom_margin=&#8221;||||false|false&#8221; text_orientation=&#8221;center&#8221; header_text_shadow_style=&#8221;preset1&#8243; border_radii_image=&#8221;on|NaNpx|NaNpx|NaNpx|NaNpx&#8221; border_color_all_image=&#8221;#7CDA24&#8243; box_shadow_style_image=&#8221;preset1&#8243; global_colors_info=&#8221;{}&#8221;]<\/p>\n<p>Adminisztr\u00e1ci\u00f3<\/p>\n<p>Rent a Car \u00fcgyint\u00e9z\u00e9s<\/p>\n<p>Telefon: +36 20\u00a0625 7094<\/p>\n<p>E-mail: backoffice@piedl-flotta.hu<\/p>\n<p>&nbsp;<\/p>\n<p>[\/et_pb_blurb][\/et_pb_column][et_pb_column type=&#8221;1_4&#8243; _builder_version=&#8221;4.16&#8243; _module_preset=&#8221;default&#8221; global_colors_info=&#8221;{}&#8221;][et_pb_blurb title=&#8221;Hars\u00e1nyi Erzs\u00e9bet&#8221; image=&#8221;https:\/\/piedlflotta.hu\/wp-content\/uploads\/2025\/03\/5_Harsanyi-Erzsebet-scaled.jpg&#8221; _builder_version=&#8221;4.27.4&#8243; _module_preset=&#8221;default&#8221; header_font=&#8221;Teko||||||||&#8221; header_font_size=&#8221;30px&#8221; body_font=&#8221;Lato||||||||&#8221; body_font_size=&#8221;18px&#8221; image_icon_custom_margin=&#8221;||||false|false&#8221; text_orientation=&#8221;center&#8221; header_text_shadow_style=&#8221;preset1&#8243; border_radii_image=&#8221;on|NaNpx|NaNpx|NaNpx|NaNpx&#8221; border_color_all_image=&#8221;#7CDA24&#8243; box_shadow_style_image=&#8221;preset1&#8243; global_colors_info=&#8221;{}&#8221;]<\/p>\n<p>Sz\u00e1ml\u00e1z\u00e1s<\/p>\n<p>&nbsp;<\/p>\n<p>Telefon: +36 88 576 510<\/p>\n<p>E-mail: backoffice@piedl-flotta.hu<\/p>\n<p>[\/et_pb_blurb][\/et_pb_column][et_pb_column type=&#8221;1_4&#8243; _builder_version=&#8221;4.16&#8243; _module_preset=&#8221;default&#8221; global_colors_info=&#8221;{}&#8221;][\/et_pb_column][\/et_pb_row][et_pb_row _builder_version=&#8221;4.16&#8243; _module_preset=&#8221;default&#8221; global_colors_info=&#8221;{}&#8221;][et_pb_column type=&#8221;4_4&#8243; _builder_version=&#8221;4.16&#8243; _module_preset=&#8221;default&#8221; global_colors_info=&#8221;{}&#8221;][\/et_pb_column][\/et_pb_row][\/et_pb_section]<\/p>\n","protected":false},"excerpt":{"rendered":"<p>KAPCSOLAT+ 36 30 27 888 46 info@piedl-flotta.hu+ 36 20 402 4548 info@piedl-flotta.hu+36 20\u00a0425 56 98 service@piedl-flotta.hu+ 36 88 576 500 backoffice@piedl-flotta.hu\u00c9rt\u00e9kes\u00edt\u00e9si vezet\u0151 &nbsp; Telefon: +36 30 278 8846 E-mail: info@piedl-flotta.huFlotta\u00e9rt\u00e9kes\u00edt\u00e9s Rent a Car \u00fcgyint\u00e9z\u00e9s Telefon: +36 20 402 4548 E-mail: info@piedl-flotta.huFlotta\u00e9rt\u00e9kes\u00edt\u00e9s Rent a Car \u00fcgyint\u00e9z\u00e9s Telefon: +36 20 427 2401 E-mail: info@piedl-flotta.huFlotta\u00e9rt\u00e9kes\u00edt\u00e9s &nbsp; Telefon: +36 [&hellip;]<\/p>\n","protected":false},"author":1,"featured_media":0,"parent":0,"menu_order":0,"comment_status":"closed","ping_status":"closed","template":"","meta":{"_et_pb_use_builder":"on","_et_pb_old_content":"","_et_gb_content_width":"","footnotes":""},"class_list":["post-77","page","type-page","status-publish","hentry"],"yoast_head":"<!-- This site is optimized with the Yoast SEO plugin v27.5 - https:\/\/yoast.com\/product\/yoast-seo-wordpress\/ -->\n<title>Kapcsolat - Piedl Flotta<\/title>\n<meta name=\"robots\" content=\"index, follow, max-snippet:-1, max-image-preview:large, max-video-preview:-1\" \/>\n<link rel=\"canonical\" href=\"https:\/\/piedlflotta.hu\/index.php\/kapcsolat\/\" \/>\n<meta property=\"og:locale\" content=\"hu_HU\" \/>\n<meta property=\"og:type\" content=\"article\" \/>\n<meta property=\"og:title\" content=\"Kapcsolat - Piedl Flotta\" \/>\n<meta property=\"og:description\" content=\"KAPCSOLAT+ 36 30 27 888 46 info@piedl-flotta.hu+ 36 20 402 4548 info@piedl-flotta.hu+36 20\u00a0425 56 98 service@piedl-flotta.hu+ 36 88 576 500 backoffice@piedl-flotta.hu\u00c9rt\u00e9kes\u00edt\u00e9si vezet\u0151 &nbsp; Telefon: +36 30 278 8846 E-mail: info@piedl-flotta.huFlotta\u00e9rt\u00e9kes\u00edt\u00e9s Rent a Car \u00fcgyint\u00e9z\u00e9s Telefon: +36 20 402 4548 E-mail: info@piedl-flotta.huFlotta\u00e9rt\u00e9kes\u00edt\u00e9s Rent a Car \u00fcgyint\u00e9z\u00e9s Telefon: +36 20 427 2401 E-mail: info@piedl-flotta.huFlotta\u00e9rt\u00e9kes\u00edt\u00e9s &nbsp; Telefon: +36 [&hellip;]\" \/>\n<meta property=\"og:url\" content=\"https:\/\/piedlflotta.hu\/index.php\/kapcsolat\/\" \/>\n<meta property=\"og:site_name\" content=\"Piedl Flotta\" \/>\n<meta property=\"article:modified_time\" content=\"2025-04-05T12:37:25+00:00\" \/>\n<meta name=\"twitter:card\" content=\"summary_large_image\" \/>\n<meta name=\"twitter:label1\" content=\"Becs\u00fclt olvas\u00e1si id\u0151\" \/>\n\t<meta name=\"twitter:data1\" content=\"2 perc\" \/>\n<script type=\"application\/ld+json\" class=\"yoast-schema-graph\">{\"@context\":\"https:\\\/\\\/schema.org\",\"@graph\":[{\"@type\":\"WebPage\",\"@id\":\"https:\\\/\\\/piedlflotta.hu\\\/index.php\\\/kapcsolat\\\/\",\"url\":\"https:\\\/\\\/piedlflotta.hu\\\/index.php\\\/kapcsolat\\\/\",\"name\":\"Kapcsolat - Piedl Flotta\",\"isPartOf\":{\"@id\":\"https:\\\/\\\/piedlflotta.hu\\\/#website\"},\"datePublished\":\"2022-03-06T14:10:31+00:00\",\"dateModified\":\"2025-04-05T12:37:25+00:00\",\"breadcrumb\":{\"@id\":\"https:\\\/\\\/piedlflotta.hu\\\/index.php\\\/kapcsolat\\\/#breadcrumb\"},\"inLanguage\":\"hu\",\"potentialAction\":[{\"@type\":\"ReadAction\",\"target\":[\"https:\\\/\\\/piedlflotta.hu\\\/index.php\\\/kapcsolat\\\/\"]}]},{\"@type\":\"BreadcrumbList\",\"@id\":\"https:\\\/\\\/piedlflotta.hu\\\/index.php\\\/kapcsolat\\\/#breadcrumb\",\"itemListElement\":[{\"@type\":\"ListItem\",\"position\":1,\"name\":\"Kezd\u0151lap\",\"item\":\"https:\\\/\\\/piedlflotta.hu\\\/\"},{\"@type\":\"ListItem\",\"position\":2,\"name\":\"Kapcsolat\"}]},{\"@type\":\"WebSite\",\"@id\":\"https:\\\/\\\/piedlflotta.hu\\\/#website\",\"url\":\"https:\\\/\\\/piedlflotta.hu\\\/\",\"name\":\"Piedl Flotta\",\"description\":\"Rent a Car\",\"potentialAction\":[{\"@type\":\"SearchAction\",\"target\":{\"@type\":\"EntryPoint\",\"urlTemplate\":\"https:\\\/\\\/piedlflotta.hu\\\/?s={search_term_string}\"},\"query-input\":{\"@type\":\"PropertyValueSpecification\",\"valueRequired\":true,\"valueName\":\"search_term_string\"}}],\"inLanguage\":\"hu\"}]}<\/script>\n<!-- \/ Yoast SEO plugin. -->","yoast_head_json":{"title":"Kapcsolat - Piedl Flotta","robots":{"index":"index","follow":"follow","max-snippet":"max-snippet:-1","max-image-preview":"max-image-preview:large","max-video-preview":"max-video-preview:-1"},"canonical":"https:\/\/piedlflotta.hu\/index.php\/kapcsolat\/","og_locale":"hu_HU","og_type":"article","og_title":"Kapcsolat - Piedl Flotta","og_description":"KAPCSOLAT+ 36 30 27 888 46 info@piedl-flotta.hu+ 36 20 402 4548 info@piedl-flotta.hu+36 20\u00a0425 56 98 service@piedl-flotta.hu+ 36 88 576 500 backoffice@piedl-flotta.hu\u00c9rt\u00e9kes\u00edt\u00e9si vezet\u0151 &nbsp; Telefon: +36 30 278 8846 E-mail: info@piedl-flotta.huFlotta\u00e9rt\u00e9kes\u00edt\u00e9s Rent a Car \u00fcgyint\u00e9z\u00e9s Telefon: +36 20 402 4548 E-mail: info@piedl-flotta.huFlotta\u00e9rt\u00e9kes\u00edt\u00e9s Rent a Car \u00fcgyint\u00e9z\u00e9s Telefon: +36 20 427 2401 E-mail: info@piedl-flotta.huFlotta\u00e9rt\u00e9kes\u00edt\u00e9s &nbsp; Telefon: +36 [&hellip;]","og_url":"https:\/\/piedlflotta.hu\/index.php\/kapcsolat\/","og_site_name":"Piedl Flotta","article_modified_time":"2025-04-05T12:37:25+00:00","twitter_card":"summary_large_image","twitter_misc":{"Becs\u00fclt olvas\u00e1si id\u0151":"2 perc"},"schema":{"@context":"https:\/\/schema.org","@graph":[{"@type":"WebPage","@id":"https:\/\/piedlflotta.hu\/index.php\/kapcsolat\/","url":"https:\/\/piedlflotta.hu\/index.php\/kapcsolat\/","name":"Kapcsolat - Piedl Flotta","isPartOf":{"@id":"https:\/\/piedlflotta.hu\/#website"},"datePublished":"2022-03-06T14:10:31+00:00","dateModified":"2025-04-05T12:37:25+00:00","breadcrumb":{"@id":"https:\/\/piedlflotta.hu\/index.php\/kapcsolat\/#breadcrumb"},"inLanguage":"hu","potentialAction":[{"@type":"ReadAction","target":["https:\/\/piedlflotta.hu\/index.php\/kapcsolat\/"]}]},{"@type":"BreadcrumbList","@id":"https:\/\/piedlflotta.hu\/index.php\/kapcsolat\/#breadcrumb","itemListElement":[{"@type":"ListItem","position":1,"name":"Kezd\u0151lap","item":"https:\/\/piedlflotta.hu\/"},{"@type":"ListItem","position":2,"name":"Kapcsolat"}]},{"@type":"WebSite","@id":"https:\/\/piedlflotta.hu\/#website","url":"https:\/\/piedlflotta.hu\/","name":"Piedl Flotta","description":"Rent a Car","potentialAction":[{"@type":"SearchAction","target":{"@type":"EntryPoint","urlTemplate":"https:\/\/piedlflotta.hu\/?s={search_term_string}"},"query-input":{"@type":"PropertyValueSpecification","valueRequired":true,"valueName":"search_term_string"}}],"inLanguage":"hu"}]}},"_links":{"self":[{"href":"https:\/\/piedlflotta.hu\/index.php\/wp-json\/wp\/v2\/pages\/77","targetHints":{"allow":["GET"]}}],"collection":[{"href":"https:\/\/piedlflotta.hu\/index.php\/wp-json\/wp\/v2\/pages"}],"about":[{"href":"https:\/\/piedlflotta.hu\/index.php\/wp-json\/wp\/v2\/types\/page"}],"author":[{"embeddable":true,"href":"https:\/\/piedlflotta.hu\/index.php\/wp-json\/wp\/v2\/users\/1"}],"replies":[{"embeddable":true,"href":"https:\/\/piedlflotta.hu\/index.php\/wp-json\/wp\/v2\/comments?post=77"}],"version-history":[{"count":34,"href":"https:\/\/piedlflotta.hu\/index.php\/wp-json\/wp\/v2\/pages\/77\/revisions"}],"predecessor-version":[{"id":648,"href":"https:\/\/piedlflotta.hu\/index.php\/wp-json\/wp\/v2\/pages\/77\/revisions\/648"}],"wp:attachment":[{"href":"https:\/\/piedlflotta.hu\/index.php\/wp-json\/wp\/v2\/media?parent=77"}],"curies":[{"name":"wp","href":"https:\/\/api.w.org\/{rel}","templated":true}]}}